{"id":9,"date":"2018-11-26T12:46:44","date_gmt":"2018-11-26T12:46:44","guid":{"rendered":"http:\/\/www.kamikawa.co.jp\/projects\/"},"modified":"2022-08-23T20:01:55","modified_gmt":"2022-08-23T11:01:55","slug":"projects","status":"publish","type":"page","link":"http:\/\/www.kamikawa.co.jp\/de\/projects\/","title":{"rendered":"Projects"},"content":{"rendered":"<h1>\n\t\t\t\t\tService\n\t\t\t\t<\/h1>\n\t\t\t\t<img decoding=\"async\" src=\"http:\/\/www.kamikawa.co.jp\/wp-content\/uploads\/2-scaled.jpg\" alt=\"OLYMPUS DIGITAL CAMERA\" itemprop=\"image\"\/>\n\t<h4>\n\t\t\t\t\tService\n\t\t\t\t<\/h4>\n\t\t\t<p>Einer der Gr\u00fcnde f\u00fcr das enorme Wachstum von KAMIKAWA seit der Gr\u00fcndung im Jahr 2011 ist die enge Zusammenarbeit mit unseren Kunden, die bereits in der Planungsphase beginnt. Dank unserer umfangreichen Anwendungserfahrung k\u00f6nnen wir unsere Kunden dabei unterst\u00fctzen, das richtige Produkt und die richtige Anwendungsl\u00f6sung f\u00fcr ihre Ziele zu finden.\u00a0<\/p>\n\t<p>W\u00e4hrend der Pilot- und Inbetriebnahmephase f\u00fchren wir kundenspezifische Prozessentwicklungstests durch, um die Zeit von der Inbetriebnahme bis zur Serienproduktion zu minimieren.<\/p>\n\t<h4>\n\t\t\t\t\tOur &#8216;on-site&#8217; and &#8216;remote&#8217; aftersales service team offers the following services worldwide\n\t\t\t\t<\/h4>\n\t\t\t<p><u>Schlitzd\u00fcsen<\/u><\/p>\n\t&#8211; slot-die assembly and disassembly<br \/>\n&#8211; slot-die cleaning<br \/>\n&#8211; slot-die re-manufacturing and refurbishment<br \/>\n&#8211; slot-die lip regrinding<br \/>\n&#8211; slot-die manifold and land repolishing\n\t<p><u>Distanzscheiben<\/u><\/p>\nDistanzscheiben kontrollieren die Beschichtungsbreite. Durch das pr\u00e4zise Fasendesign erm\u00f6glichen wir den optimalen Kantenverlauf der Beschichtung.<br \/>\nWir entwerfen, fertigen und montieren Distanzscheiben f\u00fcr KAMIKAWA Schlitzd\u00fcsen und auch f\u00fcr Schlitzd\u00fcsen unserer Mitbewerber.","protected":false},"excerpt":{"rendered":"<p>Service Service One of the reasons why KAMIKAWA has seen a tremendous growth since we started in 2011 is the close cooperation with our customers,\u00a0 that starts early in the planning phase. The level of application experience we have accumulated allows us to guide our clients to find the right product and application solution based &hellip;<\/p>\n<p class=\"read-more\"> <a class=\"\" href=\"http:\/\/www.kamikawa.co.jp\/de\/projects\/\"> <span class=\"screen-reader-text\">Projects<\/span> Weiterlesen &raquo;<\/a><\/p>","protected":false},"author":1,"featured_media":0,"parent":0,"menu_order":0,"comment_status":"closed","ping_status":"closed","template":"","meta":{"site-sidebar-layout":"no-sidebar","site-content-layout":"page-builder","ast-main-header-display":"","ast-hfb-above-header-display":"","ast-hfb-below-header-display":"","ast-hfb-mobile-header-display":"","site-post-title":"disabled","ast-breadcrumbs-content":"","ast-featured-img":"disabled","footer-sml-layout":"","theme-transparent-header-meta":"enabled","adv-header-id-meta":"","stick-header-meta":"","header-above-stick-meta":"","header-main-stick-meta":"","header-below-stick-meta":"","footnotes":""},"class_list":["post-9","page","type-page","status-publish","hentry"],"_links":{"self":[{"href":"http:\/\/www.kamikawa.co.jp\/de\/wp-json\/wp\/v2\/pages\/9","targetHints":{"allow":["GET"]}}],"collection":[{"href":"http:\/\/www.kamikawa.co.jp\/de\/wp-json\/wp\/v2\/pages"}],"about":[{"href":"http:\/\/www.kamikawa.co.jp\/de\/wp-json\/wp\/v2\/types\/page"}],"author":[{"embeddable":true,"href":"http:\/\/www.kamikawa.co.jp\/de\/wp-json\/wp\/v2\/users\/1"}],"replies":[{"embeddable":true,"href":"http:\/\/www.kamikawa.co.jp\/de\/wp-json\/wp\/v2\/comments?post=9"}],"version-history":[{"count":24,"href":"http:\/\/www.kamikawa.co.jp\/de\/wp-json\/wp\/v2\/pages\/9\/revisions"}],"predecessor-version":[{"id":983,"href":"http:\/\/www.kamikawa.co.jp\/de\/wp-json\/wp\/v2\/pages\/9\/revisions\/983"}],"wp:attachment":[{"href":"http:\/\/www.kamikawa.co.jp\/de\/wp-json\/wp\/v2\/media?parent=9"}],"curies":[{"name":"wp","href":"https:\/\/api.w.org\/{rel}","templated":true}]}}