{"id":782,"date":"2018-11-26T12:46:25","date_gmt":"2018-11-26T12:46:25","guid":{"rendered":"http:\/\/www.kamikawa.co.jp\/services\/"},"modified":"2022-08-23T19:57:42","modified_gmt":"2022-08-23T10:57:42","slug":"services","status":"publish","type":"page","link":"http:\/\/www.kamikawa.co.jp\/de\/services\/","title":{"rendered":"Produkte"},"content":{"rendered":"<h1>\n\t\t\t\t\tProdukte\n\t\t\t\t<\/h1>\n\t<h2>\n\t\t\t\t\tUnsere Schlitzd\u00fcsen sind das Ergebnis langj\u00e4hriger Erfahrung und kontinuierlicher Innovation\n\t\t\t\t<\/h2>\n\t<h4>\n\t\t\t\t\tMessschrauben-Schlitzd\u00fcse\n\t\t\t\t<\/h4>\n\t\t\t<p><img loading=\"lazy\" decoding=\"async\" src=\"http:\/\/www.kamikawa.co.jp\/wp-content\/uploads\/WeChat-Image_20220415032532-300x225.jpg\" alt=\"\" width=\"300\" height=\"225\" \/><\/p>\n<p>Unsere meistverkauften <strong>Messschrauben-Schlitzd\u00fcsen <\/strong>wurden so optimiert, um hervorragende Rheologie, robuste chemische Stabilit\u00e4t, gleichm\u00e4\u00dfiges Fl\u00e4chengewicht und eine benutzerfreundliche Bedienoberfl\u00e4che des Kontrollsystems zu gew\u00e4hrleisten.<\/p>\n\t<h4>\n\t\t\t\t\tSchrauben- Schlitzd\u00fcse\n\t\t\t\t<\/h4>\n\t\t\t<p><img loading=\"lazy\" decoding=\"async\" src=\"http:\/\/www.kamikawa.co.jp\/wp-content\/uploads\/2020\/01\/1212121-300x219.png\" alt=\"\" width=\"300\" height=\"219\" \/><\/p>\n<p>Unsere <strong>Schrauben- Schlitzd\u00fcsen <\/strong>bieten eine kosteneffiziente L\u00f6sung. Die Beschichtungsbreite, das Beschichtungsmuster und der Schlitzabstand werden durch Schrauben eingestellt, was die Wartung und Reinigung erleichtert.<\/p>\n\t<h4>\n\t\t\t\t\tAllgemeine Eigenschaften\n\t\t\t\t<\/h4>\n\t<p>1. Continuous, stripes, double-side coating and intermittent<\/p>\n<p>Mehrschichtauftrag und Querstreifenauftrag geeignet<\/p>\n<p>2. Einzel-\/Doppel-Verteilungskammer<\/p>\n<p>3. Coating thickness (dry): 20 &#8211; 250 \u00b5m<\/p>\n<p>4. Viscosity of slurry: 2.000 &#8211; 12.000 cPs<\/p>\n<p>5. Planheits- und Geradheitstoleranz des D\u00fcsenk\u00f6rpers &lt; 2 \u00b5m<\/p>\n<p>6. Ebene Str\u00f6mungsfl\u00e4chen: Ra=0.01 \u00b5m<\/p>\n\t<h4>\n\t\t\t\t\tMehrschichtschlitzd\u00fcse\n\t\t\t\t<\/h4>\n\t\t\t<p><img loading=\"lazy\" decoding=\"async\" src=\"http:\/\/www.kamikawa.co.jp\/wp-content\/uploads\/WeChat-Image_20220415032539-300x225.jpg\" alt=\"\" width=\"300\" height=\"225\" \/><\/p>\n<p>Unsere <strong>Mehrschichtschlitzd\u00fcsen <\/strong>erh\u00f6hen die Produktionskapazit\u00e4t unserer Kunden durch das Auftragen mehrerer Schichten in einem Durchgang<\/p>\n\t<h4>\n\t\t\t\t\tDistanzscheibe\n\t\t\t\t<\/h4>\n\t\t\t<p><img loading=\"lazy\" decoding=\"async\" src=\"http:\/\/www.kamikawa.co.jp\/wp-content\/uploads\/2020\/01\/pp-300x231.jpg\" alt=\"\" width=\"300\" height=\"231\" \/><\/p>\n<p>Unsere kundenspezifische\u00a0<strong>Distanzscheiben\u00a0<\/strong>are designed in the early fluid analysis phase of the slot die. Shims control the most critical component for slot die coating application &#8211; the slot gap. We have more than 10 years of experience designing and manufacturing high precise and flat shims.<\/p>","protected":false},"excerpt":{"rendered":"<p>Products Our slot dies are the result of many years experience and continuous innovation Micrometer-Slot Die Our best-selling adaptable Micrometer-Slot Dies have been optimized to provide excellent flow rheology, robust chemical stability, uniform coat weight and a user-friendly operating interface also fitting for the closed loop system. Screw-Slot Die Our Screw-Slot Dies offer a cost-efficient &hellip;<\/p>\n<p class=\"read-more\"> <a class=\"\" href=\"http:\/\/www.kamikawa.co.jp\/de\/services\/\"> <span class=\"screen-reader-text\">Produkte<\/span> Weiterlesen &raquo;<\/a><\/p>","protected":false},"author":1,"featured_media":0,"parent":0,"menu_order":0,"comment_status":"closed","ping_status":"closed","template":"","meta":{"site-sidebar-layout":"no-sidebar","site-content-layout":"page-builder","ast-main-header-display":"","ast-hfb-above-header-display":"","ast-hfb-below-header-display":"","ast-hfb-mobile-header-display":"","site-post-title":"disabled","ast-breadcrumbs-content":"","ast-featured-img":"disabled","footer-sml-layout":"","theme-transparent-header-meta":"enabled","adv-header-id-meta":"","stick-header-meta":"","header-above-stick-meta":"","header-main-stick-meta":"","header-below-stick-meta":"","footnotes":""},"class_list":["post-782","page","type-page","status-publish","hentry"],"_links":{"self":[{"href":"http:\/\/www.kamikawa.co.jp\/de\/wp-json\/wp\/v2\/pages\/782","targetHints":{"allow":["GET"]}}],"collection":[{"href":"http:\/\/www.kamikawa.co.jp\/de\/wp-json\/wp\/v2\/pages"}],"about":[{"href":"http:\/\/www.kamikawa.co.jp\/de\/wp-json\/wp\/v2\/types\/page"}],"author":[{"embeddable":true,"href":"http:\/\/www.kamikawa.co.jp\/de\/wp-json\/wp\/v2\/users\/1"}],"replies":[{"embeddable":true,"href":"http:\/\/www.kamikawa.co.jp\/de\/wp-json\/wp\/v2\/comments?post=782"}],"version-history":[{"count":21,"href":"http:\/\/www.kamikawa.co.jp\/de\/wp-json\/wp\/v2\/pages\/782\/revisions"}],"predecessor-version":[{"id":982,"href":"http:\/\/www.kamikawa.co.jp\/de\/wp-json\/wp\/v2\/pages\/782\/revisions\/982"}],"wp:attachment":[{"href":"http:\/\/www.kamikawa.co.jp\/de\/wp-json\/wp\/v2\/media?parent=782"}],"curies":[{"name":"wp","href":"https:\/\/api.w.org\/{rel}","templated":true}]}}