{"id":781,"date":"2018-11-26T12:45:57","date_gmt":"2018-11-26T12:45:57","guid":{"rendered":"http:\/\/www.kamikawa.co.jp\/about\/"},"modified":"2022-06-07T22:13:32","modified_gmt":"2022-06-07T13:13:32","slug":"about","status":"publish","type":"page","link":"http:\/\/www.kamikawa.co.jp\/de\/about\/","title":{"rendered":"\u00dcber"},"content":{"rendered":"<h1>\n\t\t\t\t\t\u00dcber Uns\n\t\t\t\t<\/h1>\n\t\t\t\n\t<h2>\n\t\t\t\t\tWir leben und atmen SCHLITZD\u00dcSEN ... jeden Tag!\n\t\t\t\t<\/h2>\n\t<p>KAMIKAWA bietet kundenspezifische Prozessentwicklungstests w\u00e4hrend der Pilot- und Inbetriebnahme Phase der Anlagen, um die Zeit von der Inbetriebnahme bis zur vollen Produktion zu gewinnen.<\/p>\nMittlerweile bietet KAMIKAWA eine interne Beratung und Prozessanalyse zur Verbesserung des aktuellen Beschichtungsprozesses an.<br \/>\nWir bieten auch globale Serviceleistungen wie Demontage, Reinigung, Reparatur, General\u00fcberholung, Nachschleifen und Nachpolieren von Ebene und Konturierte Str\u00f6mungsfl\u00e4chen.\n\t<p>Heute bietet KAMIKAWA standardisierten bzw. kundenspezifischen Schlitzd\u00fcsen f\u00fcr umfangreiche Elektroden-Materialien, die perfekt an den Front-End-Prozess der Batterieherstellung angepasst sind.<\/p>\n<p>Unsere Kunden, Partner und H\u00e4ndler umspannen die ganze Welt, und wir sind stolz darauf, dass die Geschwindigkeit unserer Produktentwicklung, die Produktleistung und das Engagement und der Service f\u00fcr unsere Kunden uns ein schnelles Wachstum erm\u00f6glicht haben.<\/p>\n\t<h2>\n\t\t\t\t\tDie Zahlen sprechen f\u00fcr sich selbst\n\t\t\t\t<\/h2>\n\t<h2>\n\t\t\t\t\t820\n\t\t\t\t<\/h2>\n\t\t\t<p>Ausgelieferte Schlitzd\u00fcsen pro Jahr<\/p>\n\t<h3>\n\t\t\t\t\t11\n\t\t\t\t<\/h3>\n\t\t\t<p>Jahre Erfahrungen<\/p>\n\t<h3>\n\t\t\t\t\t84\n\t\t\t\t<\/h3>\n\t\t\t<p>Kunden weltweit<\/p>\n\t<h4>\n\t\t\t\t\tInnovation\n\t\t\t\t<\/h4>\n\tUnsere hochgelobten Schlitzd\u00fcsen wurden kontinuierlich optimiert, um eine hervorragende Rheologie, hohe Pr\u00e4zision, robuste chemische Stabilit\u00e4t und eine benutzerfreundliche Bedienoberfl\u00e4che auch in geschlossenen Systemen zu gew\u00e4hrleisten.<br \/>\nWir verwenden hochwertiges Material und modernste CNC-Bearbeitungszentren, um unsere Schlitzd\u00fcsen mit einem einzigartigen Fertigungsverfahren herzustellen, das eine exquisite Leistung und eine lange Lebensdauer gew\u00e4hrleistet.\n\t<h4>\n\t\t\t\t\tQualit\u00e4t\n\t\t\t\t<\/h4>\n\t<p>KAMIKAWA bietet voll integrierte Datenerfassungs- und Management-Tools, die eine vollst\u00e4ndige Vorhersagbarkeit erm\u00f6glichen. Die Inline-Prozesskontrolle tr\u00e4gt zur Verbesserung der Beschichtungsqualit\u00e4t und der Produktionssicherheit bei.<\/p>","protected":false},"excerpt":{"rendered":"<p>About Us\u200b We breathe and live slot dies! KAMIKAWA provides customer-specific process development tests during pilot and commissioning phase to minimize the time from commissioning to full production. We also offer on-site system evaluation to verify or adjust work order and project schedule. Our highly experienced and growing after-sales service team offers slot-die disassembly, cleaning, &hellip;<\/p>\n<p class=\"read-more\"> <a class=\"\" href=\"http:\/\/www.kamikawa.co.jp\/de\/about\/\"> <span class=\"screen-reader-text\">\u00dcber<\/span> Weiterlesen &raquo;<\/a><\/p>","protected":false},"author":1,"featured_media":0,"parent":0,"menu_order":0,"comment_status":"closed","ping_status":"closed","template":"","meta":{"site-sidebar-layout":"no-sidebar","site-content-layout":"page-builder","ast-main-header-display":"","ast-hfb-above-header-display":"","ast-hfb-below-header-display":"","ast-hfb-mobile-header-display":"","site-post-title":"disabled","ast-breadcrumbs-content":"","ast-featured-img":"disabled","footer-sml-layout":"","theme-transparent-header-meta":"enabled","adv-header-id-meta":"","stick-header-meta":"","header-above-stick-meta":"","header-main-stick-meta":"","header-below-stick-meta":"","footnotes":""},"class_list":["post-781","page","type-page","status-publish","hentry"],"_links":{"self":[{"href":"http:\/\/www.kamikawa.co.jp\/de\/wp-json\/wp\/v2\/pages\/781","targetHints":{"allow":["GET"]}}],"collection":[{"href":"http:\/\/www.kamikawa.co.jp\/de\/wp-json\/wp\/v2\/pages"}],"about":[{"href":"http:\/\/www.kamikawa.co.jp\/de\/wp-json\/wp\/v2\/types\/page"}],"author":[{"embeddable":true,"href":"http:\/\/www.kamikawa.co.jp\/de\/wp-json\/wp\/v2\/users\/1"}],"replies":[{"embeddable":true,"href":"http:\/\/www.kamikawa.co.jp\/de\/wp-json\/wp\/v2\/comments?post=781"}],"version-history":[{"count":14,"href":"http:\/\/www.kamikawa.co.jp\/de\/wp-json\/wp\/v2\/pages\/781\/revisions"}],"predecessor-version":[{"id":970,"href":"http:\/\/www.kamikawa.co.jp\/de\/wp-json\/wp\/v2\/pages\/781\/revisions\/970"}],"wp:attachment":[{"href":"http:\/\/www.kamikawa.co.jp\/de\/wp-json\/wp\/v2\/media?parent=781"}],"curies":[{"name":"wp","href":"https:\/\/api.w.org\/{rel}","templated":true}]}}